{"id":2180,"date":"2019-09-08T05:52:40","date_gmt":"2019-09-08T05:52:40","guid":{"rendered":"http:\/\/demo.themewinter.com\/wp\/instive\/?page_id=2180"},"modified":"2026-03-24T12:34:59","modified_gmt":"2026-03-24T09:34:59","slug":"profil","status":"publish","type":"page","link":"https:\/\/agorasigorta.com.tr\/?page_id=2180","title":{"rendered":"Profil"},"content":{"rendered":"\t\t<div data-elementor-type=\"wp-page\" data-elementor-id=\"2180\" class=\"elementor elementor-2180\">\n\t\t\t\t\t\t<section class=\"elementor-section elementor-top-section elementor-element elementor-element-546220c elementor-section-boxed elementor-section-height-default elementor-section-height-default\" data-id=\"546220c\" data-element_type=\"section\">\n\t\t\t\t\t\t<div class=\"elementor-container elementor-column-gap-default\">\n\t\t\t\t\t<div class=\"elementor-column elementor-col-100 elementor-top-column elementor-element elementor-element-d238f05\" data-id=\"d238f05\" data-element_type=\"column\">\n\t\t\t<div class=\"elementor-widget-wrap elementor-element-populated\">\n\t\t\t\t\t\t<div class=\"elementor-element elementor-element-8050cc1 elementor-widget elementor-widget-elementskit-heading\" data-id=\"8050cc1\" data-element_type=\"widget\" data-settings=\"{&quot;ekit_we_effect_on&quot;:&quot;none&quot;}\" data-widget_type=\"elementskit-heading.default\">\n\t\t\t\t<div class=\"elementor-widget-container\">\n\t\t\t<div class=\"ekit-wid-con\" ><div class=\"ekit-heading elementskit-section-title-wraper text_center   ekit_heading_tablet-   ekit_heading_mobile-\"><div class=\"ekit_heading_separetor_wraper ekit_heading_elementskit-border-divider elementskit-style-long\"><div class=\"elementskit-border-divider elementskit-style-long\"><\/div><\/div><h2 class=\"ekit-heading--title elementskit-section-title \">2006 y\u0131l\u0131ndan g\u00fcn\u00fcm\u00fcze<\/h2><\/div><\/div>\t\t<\/div>\n\t\t\t\t<\/div>\n\t\t\t\t<section class=\"elementor-section elementor-inner-section elementor-element elementor-element-379dffd elementor-section-boxed elementor-section-height-default elementor-section-height-default\" data-id=\"379dffd\" data-element_type=\"section\">\n\t\t\t\t\t\t<div class=\"elementor-container elementor-column-gap-default\">\n\t\t\t\t\t<div class=\"elementor-column elementor-col-100 elementor-inner-column elementor-element elementor-element-c34cd9e\" data-id=\"c34cd9e\" data-element_type=\"column\">\n\t\t\t<div class=\"elementor-widget-wrap elementor-element-populated\">\n\t\t\t\t\t\t<div class=\"elementor-element elementor-element-c942cdb elementor-widget elementor-widget-text-editor\" data-id=\"c942cdb\" data-element_type=\"widget\" data-settings=\"{&quot;ekit_we_effect_on&quot;:&quot;none&quot;}\" data-widget_type=\"text-editor.default\">\n\t\t\t\t<div class=\"elementor-widget-container\">\n\t\t\t\t\t\t\t<p>\u015eirketimiz 2006 y\u0131l\u0131nda sekt\u00f6r\u00fcn \u00f6nc\u00fc sekiz sigorta \u015firketinin yetkili acenteli\u011fini alarak Ahmet Ba\u015ftu\u011f ve Serkan \u015eahin taraf\u0131ndan kurulmu\u015ftur. KURUMSAL Kimli\u011fi ve g\u00fc\u00e7l\u00fc teknik alt yap\u0131s\u0131 ve sa\u011flad\u0131\u011f\u0131 rekabet \u00fcst\u00fcnl\u00fc\u011f\u00fcn\u00fc, uygun fiyat \u00e7\u00f6z\u00fcmlerinin yan\u0131 s\u0131ra geni\u015f \u00fcr\u00fcn yelpazesi ile sekt\u00f6rde hizmet vermeyi s\u00fcrd\u00fcrmektedir. \u015eirketimiz Acente m\u00fcd\u00fcrl\u00fc\u011f\u00fc Tayfun Demirk\u0131ran taraf\u0131ndan y\u00fcr\u00fct\u00fclmektedir. TOBB Sigortac\u0131l\u0131k M\u00fcd\u00fcrl\u00fc\u011f\u00fc\u2019 n\u00fcn T08528 \u2013 TBCV levha no ile kay\u0131tl\u0131 \u00fcyesidir.<\/p>\t\t\t\t\t\t<\/div>\n\t\t\t\t<\/div>\n\t\t\t\t\t<\/div>\n\t\t<\/div>\n\t\t\t\t\t<\/div>\n\t\t<\/section>\n\t\t\t\t\t<\/div>\n\t\t<\/div>\n\t\t\t\t\t<\/div>\n\t\t<\/section>\n\t\t\t\t<section class=\"elementor-section elementor-top-section elementor-element elementor-element-c96fd32 cta elementor-section-boxed elementor-section-height-default elementor-section-height-default\" data-id=\"c96fd32\" data-element_type=\"section\">\n\t\t\t\t\t\t<div class=\"elementor-container elementor-column-gap-default\">\n\t\t\t\t\t<div class=\"elementor-column elementor-col-100 elementor-top-column elementor-element elementor-element-882a1f7\" data-id=\"882a1f7\" data-element_type=\"column\" data-settings=\"{&quot;background_background&quot;:&quot;classic&quot;}\">\n\t\t\t<div class=\"elementor-widget-wrap elementor-element-populated\">\n\t\t\t\t\t<div class=\"elementor-background-overlay\"><\/div>\n\t\t\t\t\t\t<section class=\"elementor-section elementor-inner-section elementor-element elementor-element-e0c2b94 elementor-section-boxed elementor-section-height-default elementor-section-height-default\" data-id=\"e0c2b94\" data-element_type=\"section\">\n\t\t\t\t\t\t<div class=\"elementor-container elementor-column-gap-default\">\n\t\t\t\t\t<div class=\"elementor-column elementor-col-50 elementor-inner-column elementor-element elementor-element-061ad4d\" data-id=\"061ad4d\" data-element_type=\"column\">\n\t\t\t<div class=\"elementor-widget-wrap elementor-element-populated\">\n\t\t\t\t\t\t<div class=\"elementor-element elementor-element-8f3e231 elementor-widget elementor-widget-elementskit-heading\" data-id=\"8f3e231\" data-element_type=\"widget\" data-settings=\"{&quot;ekit_we_effect_on&quot;:&quot;none&quot;}\" data-widget_type=\"elementskit-heading.default\">\n\t\t\t\t<div class=\"elementor-widget-container\">\n\t\t\t<div class=\"ekit-wid-con\" ><div class=\"ekit-heading elementskit-section-title-wraper text_right   ekit_heading_tablet-   ekit_heading_mobile-\"><h2 class=\"ekit-heading--title elementskit-section-title \">Vizyonumuz<\/h2><div class=\"ekit_heading_separetor_wraper ekit_heading_elementskit-border-divider elementskit-style-long\"><div class=\"elementskit-border-divider elementskit-style-long\"><\/div><\/div><\/div><\/div>\t\t<\/div>\n\t\t\t\t<\/div>\n\t\t\t\t\t<\/div>\n\t\t<\/div>\n\t\t\t\t<div class=\"elementor-column elementor-col-50 elementor-inner-column elementor-element elementor-element-224f000\" data-id=\"224f000\" data-element_type=\"column\">\n\t\t\t<div class=\"elementor-widget-wrap elementor-element-populated\">\n\t\t\t\t\t\t<div class=\"elementor-element elementor-element-89943fc elementor-widget__width-initial elementor-widget elementor-widget-elementskit-heading\" data-id=\"89943fc\" data-element_type=\"widget\" data-settings=\"{&quot;ekit_we_effect_on&quot;:&quot;none&quot;}\" data-widget_type=\"elementskit-heading.default\">\n\t\t\t\t<div class=\"elementor-widget-container\">\n\t\t\t<div class=\"ekit-wid-con\" ><div class=\"ekit-heading elementskit-section-title-wraper text_left   ekit_heading_tablet-   ekit_heading_mobile-\">\t\t\t\t<div class='ekit-heading__description'>\n\t\t\t\t\t<p>K\u00fcreselle\u015fen piyasalarda g\u00fcvenilir, tercih edilen ve g\u00fc\u00e7l\u00fc acentelik alt yap\u0131s\u0131yla M\u00fc\u015fterisine rekabet\u00e7i \u00e7\u00f6z\u00fcmler \u00fcreterek en \u00fcst Seviyede \u201c\u00a0<strong>M\u00fc\u015fteri Memnuniyeti<\/strong>\u00a0\u201d sa\u011flamakt\u0131r.<\/p>\n\t\t\t\t<\/div>\n\t\t\t<\/div><\/div>\t\t<\/div>\n\t\t\t\t<\/div>\n\t\t\t\t\t<\/div>\n\t\t<\/div>\n\t\t\t\t\t<\/div>\n\t\t<\/section>\n\t\t\t\t\t<\/div>\n\t\t<\/div>\n\t\t\t\t\t<\/div>\n\t\t<\/section>\n\t\t\t\t<section class=\"elementor-section elementor-top-section elementor-element elementor-element-b83cfcb cta elementor-section-boxed elementor-section-height-default elementor-section-height-default\" data-id=\"b83cfcb\" data-element_type=\"section\">\n\t\t\t\t\t\t<div class=\"elementor-container elementor-column-gap-default\">\n\t\t\t\t\t<div class=\"elementor-column elementor-col-100 elementor-top-column elementor-element elementor-element-c303294\" data-id=\"c303294\" data-element_type=\"column\" data-settings=\"{&quot;background_background&quot;:&quot;classic&quot;}\">\n\t\t\t<div class=\"elementor-widget-wrap elementor-element-populated\">\n\t\t\t\t\t<div class=\"elementor-background-overlay\"><\/div>\n\t\t\t\t\t\t<section class=\"elementor-section elementor-inner-section elementor-element elementor-element-bb454f8 elementor-section-boxed elementor-section-height-default elementor-section-height-default\" data-id=\"bb454f8\" data-element_type=\"section\">\n\t\t\t\t\t\t<div class=\"elementor-container elementor-column-gap-default\">\n\t\t\t\t\t<div class=\"elementor-column elementor-col-50 elementor-inner-column elementor-element elementor-element-7441021\" data-id=\"7441021\" data-element_type=\"column\">\n\t\t\t<div class=\"elementor-widget-wrap elementor-element-populated\">\n\t\t\t\t\t\t<div class=\"elementor-element elementor-element-92e334b elementor-widget elementor-widget-elementskit-heading\" data-id=\"92e334b\" data-element_type=\"widget\" data-settings=\"{&quot;ekit_we_effect_on&quot;:&quot;none&quot;}\" data-widget_type=\"elementskit-heading.default\">\n\t\t\t\t<div class=\"elementor-widget-container\">\n\t\t\t<div class=\"ekit-wid-con\" ><div class=\"ekit-heading elementskit-section-title-wraper text_right   ekit_heading_tablet-   ekit_heading_mobile-\"><h2 class=\"ekit-heading--title elementskit-section-title \">Misyonumuz<\/h2><div class=\"ekit_heading_separetor_wraper ekit_heading_elementskit-border-divider elementskit-style-long\"><div class=\"elementskit-border-divider elementskit-style-long\"><\/div><\/div><\/div><\/div>\t\t<\/div>\n\t\t\t\t<\/div>\n\t\t\t\t\t<\/div>\n\t\t<\/div>\n\t\t\t\t<div class=\"elementor-column elementor-col-50 elementor-inner-column elementor-element elementor-element-bdd450b\" data-id=\"bdd450b\" data-element_type=\"column\">\n\t\t\t<div class=\"elementor-widget-wrap elementor-element-populated\">\n\t\t\t\t\t\t<div class=\"elementor-element elementor-element-2b361c0 elementor-widget__width-initial elementor-widget elementor-widget-elementskit-heading\" data-id=\"2b361c0\" data-element_type=\"widget\" data-settings=\"{&quot;ekit_we_effect_on&quot;:&quot;none&quot;}\" data-widget_type=\"elementskit-heading.default\">\n\t\t\t\t<div class=\"elementor-widget-container\">\n\t\t\t<div class=\"ekit-wid-con\" ><div class=\"ekit-heading elementskit-section-title-wraper text_left   ekit_heading_tablet-   ekit_heading_mobile-\">\t\t\t\t<div class='ekit-heading__description'>\n\t\t\t\t\t<p>Toplumun sigorta bilincini artt\u0131rarak, risklerin en uygun \u015fartlarda teminat alt\u0131na al\u0131nmas\u0131n\u0131 sa\u011flamak i\u015f orta\u011f\u0131m\u0131z olarak g\u00f6rd\u00fc\u011f\u00fcm\u00fcz m\u00fc\u015fterilerimize <strong>\u201cKo\u015fulsuz M\u00fc\u015fteri Memnuniyetini\u201d<\/strong> sunmakt\u0131r.<\/p>\n\t\t\t\t<\/div>\n\t\t\t<\/div><\/div>\t\t<\/div>\n\t\t\t\t<\/div>\n\t\t\t\t\t<\/div>\n\t\t<\/div>\n\t\t\t\t\t<\/div>\n\t\t<\/section>\n\t\t\t\t\t<\/div>\n\t\t<\/div>\n\t\t\t\t\t<\/div>\n\t\t<\/section>\n\t\t\t\t<section class=\"elementor-section elementor-inner-section elementor-element elementor-element-864682a elementor-section-content-middle mobile-left elementor-section-boxed elementor-section-height-default elementor-section-height-default\" data-id=\"864682a\" data-element_type=\"section\" data-settings=\"{&quot;background_background&quot;:&quot;classic&quot;}\">\n\t\t\t\t\t\t<div class=\"elementor-container elementor-column-gap-no\">\n\t\t\t\t\t<div class=\"elementor-column elementor-col-50 elementor-inner-column elementor-element elementor-element-47a3be3\" data-id=\"47a3be3\" data-element_type=\"column\">\n\t\t\t<div class=\"elementor-widget-wrap elementor-element-populated\">\n\t\t\t\t\t\t<div class=\"elementor-element elementor-element-2b3bb9d elementor-widget elementor-widget-elementskit-heading\" data-id=\"2b3bb9d\" data-element_type=\"widget\" data-settings=\"{&quot;ekit_we_effect_on&quot;:&quot;none&quot;}\" data-widget_type=\"elementskit-heading.default\">\n\t\t\t\t<div class=\"elementor-widget-container\">\n\t\t\t<div class=\"ekit-wid-con\" ><div class=\"ekit-heading elementskit-section-title-wraper text_right   ekit_heading_tablet-   ekit_heading_mobile-\"><h2 class=\"ekit-heading--title elementskit-section-title \">Kurumsal De\u011ferlerimiz<\/h2><div class=\"ekit_heading_separetor_wraper ekit_heading_elementskit-border-divider elementskit-style-long\"><div class=\"elementskit-border-divider elementskit-style-long\"><\/div><\/div><\/div><\/div>\t\t<\/div>\n\t\t\t\t<\/div>\n\t\t\t\t\t<\/div>\n\t\t<\/div>\n\t\t\t\t<div class=\"elementor-column elementor-col-50 elementor-inner-column elementor-element elementor-element-958675f\" data-id=\"958675f\" data-element_type=\"column\">\n\t\t\t<div class=\"elementor-widget-wrap elementor-element-populated\">\n\t\t\t\t\t\t<div class=\"elementor-element elementor-element-37d4eb1 elementor-widget elementor-widget-elementskit-heading\" data-id=\"37d4eb1\" data-element_type=\"widget\" data-settings=\"{&quot;ekit_we_effect_on&quot;:&quot;none&quot;}\" data-widget_type=\"elementskit-heading.default\">\n\t\t\t\t<div class=\"elementor-widget-container\">\n\t\t\t<div class=\"ekit-wid-con\" ><div class=\"ekit-heading elementskit-section-title-wraper text_left   ekit_heading_tablet-   ekit_heading_mobile-\">\t\t\t\t<div class='ekit-heading__description'>\n\t\t\t\t\t<p><strong>\u015eeffafl\u0131k<\/strong><br \/>\u015eirket i\u00e7inde ve d\u0131\u015f\u0131nda b\u00fct\u00fcn ili\u015fkilerimizde en \u00f6nde gelen de\u011ferimiz, \u015feffafl\u0131kt\u0131r.<\/p>\n<p><strong>Sorumluluk<\/strong><br \/>Sat\u0131\u015f sonras\u0131 hasar deste\u011finde sorumlulu\u011fumuzun b\u00fcy\u00fck oldu\u011funun bilincindeyiz.<\/p>\n<p><strong>Tak\u0131m Ruhuyla \u00c7al\u0131\u015fmak<\/strong><br \/>Agora Sigorta olarak tak\u0131m \u00e7al\u0131\u015fmas\u0131n\u0131 benimsiyoruz.<\/p>\n<p><strong>S\u00fcrekli Geli\u015fme<\/strong><br \/>Sekt\u00f6r\u00fcm\u00fczdeki geli\u015fmeleri takip ediyor ve bu geli\u015fmeleri m\u00fc\u015fterilerimizin hizmetine sunuyoruz.<\/p>\n\t\t\t\t<\/div>\n\t\t\t<\/div><\/div>\t\t<\/div>\n\t\t\t\t<\/div>\n\t\t\t\t\t<\/div>\n\t\t<\/div>\n\t\t\t\t\t<\/div>\n\t\t<\/section>\n\t\t\t\t<section class=\"elementor-section elementor-top-section elementor-element elementor-element-8a42bd9 elementor-section-height-full elementor-section-boxed elementor-section-height-default elementor-section-items-middle\" data-id=\"8a42bd9\" data-element_type=\"section\">\n\t\t\t\t\t\t<div class=\"elementor-container elementor-column-gap-default\">\n\t\t\t\t\t<div class=\"elementor-column elementor-col-100 elementor-top-column elementor-element elementor-element-f6ef1c1\" data-id=\"f6ef1c1\" data-element_type=\"column\">\n\t\t\t<div class=\"elementor-widget-wrap elementor-element-populated\">\n\t\t\t\t\t\t<div class=\"elementor-element elementor-element-f9ebcef elementor-widget elementor-widget-image\" data-id=\"f9ebcef\" data-element_type=\"widget\" data-settings=\"{&quot;ekit_we_effect_on&quot;:&quot;none&quot;}\" data-widget_type=\"image.default\">\n\t\t\t\t<div class=\"elementor-widget-container\">\n\t\t\t\t\t\t\t\t\t\t\t\t\t<img fetchpriority=\"high\" decoding=\"async\" width=\"433\" height=\"433\" src=\"https:\/\/agorasigorta.com.tr\/wp-content\/uploads\/2023\/08\/474763_4579712094817_1050736672_o-433x433-1.jpg\" class=\"attachment-large size-large wp-image-6354\" alt=\"\" srcset=\"https:\/\/agorasigorta.com.tr\/wp-content\/uploads\/2023\/08\/474763_4579712094817_1050736672_o-433x433-1.jpg 433w, https:\/\/agorasigorta.com.tr\/wp-content\/uploads\/2023\/08\/474763_4579712094817_1050736672_o-433x433-1-300x300.jpg 300w, https:\/\/agorasigorta.com.tr\/wp-content\/uploads\/2023\/08\/474763_4579712094817_1050736672_o-433x433-1-150x150.jpg 150w\" sizes=\"(max-width: 433px) 100vw, 433px\" \/>\t\t\t\t\t\t\t\t\t\t\t\t\t<\/div>\n\t\t\t\t<\/div>\n\t\t\t\t<div class=\"elementor-element elementor-element-63174ec elementor-widget elementor-widget-text-editor\" data-id=\"63174ec\" data-element_type=\"widget\" data-settings=\"{&quot;ekit_we_effect_on&quot;:&quot;none&quot;}\" data-widget_type=\"text-editor.default\">\n\t\t\t\t<div class=\"elementor-widget-container\">\n\t\t\t\t\t\t\t <h3 class=\"ts-title\">\n                    \n                    Tayfun Demirk\u0131ran\n                <\/h3>\n    \n               <p>Genel M\u00fcd\u00fcr<\/p>\t\t\t\t\t\t<\/div>\n\t\t\t\t<\/div>\n\t\t\t\t\t<\/div>\n\t\t<\/div>\n\t\t\t\t\t<\/div>\n\t\t<\/section>\n\t\t\t\t<section class=\"elementor-section elementor-top-section elementor-element elementor-element-4ec255b elementor-section-boxed elementor-section-height-default elementor-section-height-default\" data-id=\"4ec255b\" data-element_type=\"section\">\n\t\t\t\t\t\t<div class=\"elementor-container elementor-column-gap-default\">\n\t\t\t\t\t<div class=\"elementor-column elementor-col-100 elementor-top-column elementor-element elementor-element-7ad9645\" data-id=\"7ad9645\" data-element_type=\"column\">\n\t\t\t<div class=\"elementor-widget-wrap elementor-element-populated\">\n\t\t\t\t\t\t<section class=\"elementor-section elementor-inner-section elementor-element elementor-element-2d72823 elementor-section-boxed elementor-section-height-default elementor-section-height-default\" data-id=\"2d72823\" data-element_type=\"section\">\n\t\t\t\t\t\t<div class=\"elementor-container elementor-column-gap-default\">\n\t\t\t\t\t<div class=\"elementor-column elementor-col-50 elementor-inner-column elementor-element elementor-element-febe2b5\" data-id=\"febe2b5\" data-element_type=\"column\">\n\t\t\t<div class=\"elementor-widget-wrap elementor-element-populated\">\n\t\t\t\t\t\t<div class=\"elementor-element elementor-element-8b2b24b elementor-widget elementor-widget-instive-insurance\" data-id=\"8b2b24b\" data-element_type=\"widget\" data-settings=\"{&quot;ekit_we_effect_on&quot;:&quot;none&quot;}\" data-widget_type=\"instive-insurance.default\">\n\t\t\t\t<div class=\"elementor-widget-container\">\n\t\t\t\n\t\t\t\t\t            <div class=\"ts-feature-box style2\">\n                <h3 class=\"ts-title md\">\n                    <a href=\"https:\/\/agorasigorta.com.tr\/?instive-insurance=kasko\"> Kasko <\/a>\n                <\/h3>\n                <div class=\"media\">\n\t\t\t\t\t                        <div class=\"feature-icon d-flex\">\n\t\t\t\t\t\t\t<img decoding=\"async\" width=\"70\" height=\"70\" src=\"https:\/\/agorasigorta.com.tr\/wp-content\/uploads\/2023\/08\/kasko.jpg\" class=\"attachment-full size-full wp-post-image\" alt=\"\" \/>                        <\/div>\n\t\t\t\t\t                    <div class=\"media-body\">\n                        <p>\n\t\t\t\t\t\t\tKasko sigortas\u0131, sigortal\u0131y\u0131 kar\u015f\u0131la\u015fabilece\u011fi her t\u00fcrl\u00fc riske kar\u015f\u0131 g\u00fcvence alt\u0131na alan sigorta \u00e7e\u015fididir.                        <\/p>\n\t\t\t\t\t\t                            <a href=\"https:\/\/agorasigorta.com.tr\/?instive-insurance=kasko\"\n                               class=\"btn-link readmore\"> Devam\u0131 <\/a>\n\t\t\t\t\t\t                    <\/div>\n                <\/div>\n            <\/div>\n\t\t\n\t\t\n\t\t\n\t\t\t\t<\/div>\n\t\t\t\t<\/div>\n\t\t\t\t\t<\/div>\n\t\t<\/div>\n\t\t\t\t<div class=\"elementor-column elementor-col-50 elementor-inner-column elementor-element elementor-element-bda4119\" data-id=\"bda4119\" data-element_type=\"column\">\n\t\t\t<div class=\"elementor-widget-wrap elementor-element-populated\">\n\t\t\t\t\t\t<div class=\"elementor-element elementor-element-68c3beb elementor-widget elementor-widget-instive-insurance\" data-id=\"68c3beb\" data-element_type=\"widget\" data-settings=\"{&quot;ekit_we_effect_on&quot;:&quot;none&quot;}\" data-widget_type=\"instive-insurance.default\">\n\t\t\t\t<div class=\"elementor-widget-container\">\n\t\t\t\n\t\t\t\t\t            <div class=\"ts-feature-box style2\">\n                <h3 class=\"ts-title md\">\n                    <a href=\"https:\/\/agorasigorta.com.tr\/?instive-insurance=trafik-sigortasi\"> Trafik Sigortas\u0131 <\/a>\n                <\/h3>\n                <div class=\"media\">\n\t\t\t\t\t                        <div class=\"feature-icon d-flex\">\n\t\t\t\t\t\t\t<img decoding=\"async\" width=\"70\" height=\"70\" src=\"https:\/\/agorasigorta.com.tr\/wp-content\/uploads\/2019\/08\/trafik.jpg\" class=\"attachment-full size-full wp-post-image\" alt=\"\" \/>                        <\/div>\n\t\t\t\t\t                    <div class=\"media-body\">\n                        <p>\n\t\t\t\t\t\t\tZorunlu trafik sigortas\u0131, her ara\u00e7 sahibi taraf\u0131ndan yapt\u0131r\u0131lmas\u0131 zorunlu olan bir sigorta t\u00fcr\u00fcd\u00fcr.                        <\/p>\n\t\t\t\t\t\t                            <a href=\"https:\/\/agorasigorta.com.tr\/?instive-insurance=trafik-sigortasi\"\n                               class=\"btn-link readmore\"> Devam\u0131 <\/a>\n\t\t\t\t\t\t                    <\/div>\n                <\/div>\n            <\/div>\n\t\t\n\t\t\n\t\t\n\t\t\t\t<\/div>\n\t\t\t\t<\/div>\n\t\t\t\t\t<\/div>\n\t\t<\/div>\n\t\t\t\t\t<\/div>\n\t\t<\/section>\n\t\t\t\t<section class=\"elementor-section elementor-inner-section elementor-element elementor-element-6e1c277 elementor-section-boxed elementor-section-height-default elementor-section-height-default\" data-id=\"6e1c277\" data-element_type=\"section\">\n\t\t\t\t\t\t<div class=\"elementor-container elementor-column-gap-default\">\n\t\t\t\t\t<div class=\"elementor-column elementor-col-50 elementor-inner-column elementor-element elementor-element-e93ec3d\" data-id=\"e93ec3d\" data-element_type=\"column\">\n\t\t\t<div class=\"elementor-widget-wrap elementor-element-populated\">\n\t\t\t\t\t\t<div class=\"elementor-element elementor-element-b7fe846 elementor-widget elementor-widget-instive-insurance\" data-id=\"b7fe846\" data-element_type=\"widget\" data-settings=\"{&quot;ekit_we_effect_on&quot;:&quot;none&quot;}\" data-widget_type=\"instive-insurance.default\">\n\t\t\t\t<div class=\"elementor-widget-container\">\n\t\t\t\n\t\t\t\t\t            <div class=\"ts-feature-box style2\">\n                <h3 class=\"ts-title md\">\n                    <a href=\"https:\/\/agorasigorta.com.tr\/?instive-insurance=konut-sigortasi\"> Konut Sigortas\u0131 <\/a>\n                <\/h3>\n                <div class=\"media\">\n\t\t\t\t\t                        <div class=\"feature-icon d-flex\">\n\t\t\t\t\t\t\t<img loading=\"lazy\" decoding=\"async\" width=\"70\" height=\"70\" src=\"https:\/\/agorasigorta.com.tr\/wp-content\/uploads\/2023\/08\/konut.jpg\" class=\"attachment-full size-full wp-post-image\" alt=\"\" \/>                        <\/div>\n\t\t\t\t\t                    <div class=\"media-body\">\n                        <p>\n\t\t\t\t\t\t\tSu bask\u0131n\u0131, h\u0131rs\u0131zl\u0131k, yang\u0131n gibi durumlarda maddi hasar\u0131n\u0131z\u0131 minimuma indirgemeye yarayan...                        <\/p>\n\t\t\t\t\t\t                            <a href=\"https:\/\/agorasigorta.com.tr\/?instive-insurance=konut-sigortasi\"\n                               class=\"btn-link readmore\"> Devam\u0131 <\/a>\n\t\t\t\t\t\t                    <\/div>\n                <\/div>\n            <\/div>\n\t\t\n\t\t\n\t\t\n\t\t\t\t<\/div>\n\t\t\t\t<\/div>\n\t\t\t\t\t<\/div>\n\t\t<\/div>\n\t\t\t\t<div class=\"elementor-column elementor-col-50 elementor-inner-column elementor-element elementor-element-161d7e9\" data-id=\"161d7e9\" data-element_type=\"column\">\n\t\t\t<div class=\"elementor-widget-wrap elementor-element-populated\">\n\t\t\t\t\t\t<div class=\"elementor-element elementor-element-401bf1c elementor-widget elementor-widget-instive-insurance\" data-id=\"401bf1c\" data-element_type=\"widget\" data-settings=\"{&quot;ekit_we_effect_on&quot;:&quot;none&quot;}\" data-widget_type=\"instive-insurance.default\">\n\t\t\t\t<div class=\"elementor-widget-container\">\n\t\t\t\n\t\t\t\t\t            <div class=\"ts-feature-box style2\">\n                <h3 class=\"ts-title md\">\n                    <a href=\"https:\/\/agorasigorta.com.tr\/?instive-insurance=tamamlayici-saglik-sigortasi\"> Tamamlay\u0131c\u0131 Sa\u011fl\u0131k Sigortas\u0131 <\/a>\n                <\/h3>\n                <div class=\"media\">\n\t\t\t\t\t                        <div class=\"feature-icon d-flex\">\n\t\t\t\t\t\t\t<img loading=\"lazy\" decoding=\"async\" width=\"70\" height=\"70\" src=\"https:\/\/agorasigorta.com.tr\/wp-content\/uploads\/2023\/08\/tss.jpg\" class=\"attachment-full size-full wp-post-image\" alt=\"\" \/>                        <\/div>\n\t\t\t\t\t                    <div class=\"media-body\">\n                        <p>\n\t\t\t\t\t\t\tSGK ve \u00f6zel sigorta \u015firketlerinin i\u015fbirli\u011fi ile \u00f6zel hastanelerde fark \u00f6demeden muayene, tetkik ve ...                        <\/p>\n\t\t\t\t\t\t                            <a href=\"https:\/\/agorasigorta.com.tr\/?instive-insurance=tamamlayici-saglik-sigortasi\"\n                               class=\"btn-link readmore\"> Devam\u0131 <\/a>\n\t\t\t\t\t\t                    <\/div>\n                <\/div>\n            <\/div>\n\t\t\n\t\t\n\t\t\n\t\t\t\t<\/div>\n\t\t\t\t<\/div>\n\t\t\t\t\t<\/div>\n\t\t<\/div>\n\t\t\t\t\t<\/div>\n\t\t<\/section>\n\t\t\t\t\t<\/div>\n\t\t<\/div>\n\t\t\t\t\t<\/div>\n\t\t<\/section>\n\t\t\t\t<\/div>\n\t\t","protected":false},"excerpt":{"rendered":"<p>2006 y\u0131l\u0131ndan g\u00fcn\u00fcm\u00fcze \u015eirketimiz 2006 y\u0131l\u0131nda sekt\u00f6r\u00fcn \u00f6nc\u00fc sekiz sigorta \u015firketinin yetkili acenteli\u011fini alarak Ahmet Ba\u015ftu\u011f ve Serkan \u015eahin taraf\u0131ndan kurulmu\u015ftur. KURUMSAL Kimli\u011fi ve g\u00fc\u00e7l\u00fc teknik alt yap\u0131s\u0131 ve sa\u011flad\u0131\u011f\u0131 rekabet \u00fcst\u00fcnl\u00fc\u011f\u00fcn\u00fc, uygun fiyat \u00e7\u00f6z\u00fcmlerinin yan\u0131 s\u0131ra geni\u015f \u00fcr\u00fcn yelpazesi ile sekt\u00f6rde hizmet vermeyi s\u00fcrd\u00fcrmektedir. \u015eirketimiz Acente m\u00fcd\u00fcrl\u00fc\u011f\u00fc Tayfun Demirk\u0131ran taraf\u0131ndan y\u00fcr\u00fct\u00fclmektedir. TOBB Sigortac\u0131l\u0131k M\u00fcd\u00fcrl\u00fc\u011f\u00fc\u2019 [&hellip;]<\/p>\n","protected":false},"author":1,"featured_media":0,"parent":0,"menu_order":0,"comment_status":"closed","ping_status":"closed","template":"template\/full-width-template.php","meta":{"footnotes":""},"class_list":["post-2180","page","type-page","status-publish","hentry"],"_links":{"self":[{"href":"https:\/\/agorasigorta.com.tr\/index.php?rest_route=\/wp\/v2\/pages\/2180"}],"collection":[{"href":"https:\/\/agorasigorta.com.tr\/index.php?rest_route=\/wp\/v2\/pages"}],"about":[{"href":"https:\/\/agorasigorta.com.tr\/index.php?rest_route=\/wp\/v2\/types\/page"}],"author":[{"embeddable":true,"href":"https:\/\/agorasigorta.com.tr\/index.php?rest_route=\/wp\/v2\/users\/1"}],"replies":[{"embeddable":true,"href":"https:\/\/agorasigorta.com.tr\/index.php?rest_route=%2Fwp%2Fv2%2Fcomments&post=2180"}],"version-history":[{"count":15,"href":"https:\/\/agorasigorta.com.tr\/index.php?rest_route=\/wp\/v2\/pages\/2180\/revisions"}],"predecessor-version":[{"id":6851,"href":"https:\/\/agorasigorta.com.tr\/index.php?rest_route=\/wp\/v2\/pages\/2180\/revisions\/6851"}],"wp:attachment":[{"href":"https:\/\/agorasigorta.com.tr\/index.php?rest_route=%2Fwp%2Fv2%2Fmedia&parent=2180"}],"curies":[{"name":"wp","href":"https:\/\/api.w.org\/{rel}","templated":true}]}}